{"id":485,"date":"2020-09-04T21:40:12","date_gmt":"2020-09-04T21:40:12","guid":{"rendered":"https:\/\/www.aggroup.la\/portal\/?page_id=485"},"modified":"2020-09-04T22:31:34","modified_gmt":"2020-09-04T22:31:34","slug":"nuestra-historia-y-proposito","status":"publish","type":"page","link":"https:\/\/www.aggroup.la\/portal\/nuestra-historia-y-proposito\/","title":{"rendered":"NUESTRA HISTORIA Y PROP\u00d3SITO"},"content":{"rendered":"\n<section class=\"wp-block-uagb-section uagb-section__wrap uagb-section__background-gradient uagb-block-e9fa2680\"><div class=\"uagb-section__overlay\"><\/div><div class=\"uagb-section__inner-wrap\">\n<div style=\"height:100px\" aria-hidden=\"true\" class=\"wp-block-spacer\"><\/div>\n\n\n\n<div class=\"wp-block-uagb-advanced-heading uagb-block-8c31e531\"><h1 class=\"uagb-heading-text\">NUESTRA HISTORIA <br>Y PROP\u00d3SITO<\/h1><div class=\"uagb-separator-wrap\"><div class=\"uagb-separator\"><\/div><\/div><p class=\"uagb-desc-text\"><\/p><\/div>\n\n\n\n<section class=\"wp-block-uagb-section uagb-section__wrap uagb-section__background-undefined uagb-block-c8e5bf17\"><div class=\"uagb-section__overlay\"><\/div><div class=\"uagb-section__inner-wrap\">\n<section class=\"wp-block-uagb-columns uagb-columns__wrap uagb-columns__background-undefined uagb-columns__stack-mobile uagb-columns__valign-undefined uagb-columns__gap-10 alignundefined uagb-block-87284c5d\"><div class=\"uagb-columns__overlay\"><\/div><div class=\"uagb-columns__inner-wrap uagb-columns__columns-3\">\n<div class=\"wp-block-uagb-column uagb-column__wrap uagb-column__background-undefined uagb-block-4e6b0330\"><div class=\"uagb-column__overlay\"><\/div><div class=\"uagb-column__inner-wrap\">\n<div class=\"wp-block-image\"><figure class=\"aligncenter size-large\"><img decoding=\"async\" loading=\"lazy\" width=\"834\" height=\"1250\" src=\"https:\/\/www.aggroup.la\/portal\/wp-content\/uploads\/GINA-AG-GROUP-1-834x1250.jpg\" alt=\"\" class=\"wp-image-488\" srcset=\"https:\/\/www.aggroup.la\/portal\/wp-content\/uploads\/GINA-AG-GROUP-1-834x1250.jpg 834w, https:\/\/www.aggroup.la\/portal\/wp-content\/uploads\/GINA-AG-GROUP-1-768x1151.jpg 768w, https:\/\/www.aggroup.la\/portal\/wp-content\/uploads\/GINA-AG-GROUP-1.jpg 855w\" sizes=\"(max-width: 834px) 100vw, 834px\" \/><\/figure><\/div>\n<\/div><\/div>\n\n\n\n<div class=\"wp-block-uagb-column uagb-column__wrap uagb-column__background-undefined uagb-block-044925d2\"><div class=\"uagb-column__overlay\"><\/div><div class=\"uagb-column__inner-wrap\">\n<p style=\"font-weight: 400; text-align: justify;\">AG GROUP nace en 2008 con el sue\u00f1o de su Fundadora, una abogada egresada de una de las mejores Universidades del pa\u00eds, quien decidi\u00f3 estudiar Derecho y prepararse para hacer empresa y para impactar la vida de millones de personas.<\/p>\n<p style=\"font-weight: 400; text-align: justify;\">Su Prop\u00f3sito \u201cDEMOCRATIZAR SERVICIOS PROFESIONALES DE ALTO VALOR\u201d y lograr llegar con ellos a la base de la poblaci\u00f3n, pues de ah\u00ed viene ella, de una comunidad que a pesar de necesitar apoyo de abogados para hacer valer sus derechos, de psic\u00f3logos para solucionar situaciones familiares que en muchas ocasiones son de vida o muerte o de nutricionistas para mejorar la imagen y as\u00ed la autoestima, entre otros muchos servicios, no pueden obtener esa asesor\u00eda, porque se trata de servicios costosos, en donde se cobra por hora y es m\u00e1s urgente para esta poblaci\u00f3n cubrir sus necesidades b\u00e1sicas, as\u00ed sea muy importante recibir acompa\u00f1amiento profesional para superar situaciones que afectan incluso el equilibrio y la supervivencia familiar.<\/p>\n<\/div><\/div>\n\n\n\n<div class=\"wp-block-uagb-column uagb-column__wrap uagb-column__background-undefined uagb-block-3744b85b\"><div class=\"uagb-column__overlay\"><\/div><div class=\"uagb-column__inner-wrap\">\n<div style=\"height:47px\" aria-hidden=\"true\" class=\"wp-block-spacer\"><\/div>\n\n\n\n<div class=\"wp-block-image\"><figure class=\"aligncenter size-large\"><img decoding=\"async\" loading=\"lazy\" width=\"1113\" height=\"1250\" src=\"https:\/\/www.aggroup.la\/portal\/wp-content\/uploads\/GINA-AG-GROUP-2-1113x1250.jpg\" alt=\"\" class=\"wp-image-492\" srcset=\"https:\/\/www.aggroup.la\/portal\/wp-content\/uploads\/GINA-AG-GROUP-2-1113x1250.jpg 1113w, https:\/\/www.aggroup.la\/portal\/wp-content\/uploads\/GINA-AG-GROUP-2-768x862.jpg 768w, https:\/\/www.aggroup.la\/portal\/wp-content\/uploads\/GINA-AG-GROUP-2.jpg 1140w\" sizes=\"(max-width: 1113px) 100vw, 1113px\" \/><\/figure><\/div>\n<\/div><\/div>\n<\/div><\/section>\n\n\n\n<p style=\"font-weight: 400; text-align: justify;\">Es as\u00ed como de la necesidad de apoyo y asesor\u00eda seria, en \u00e1reas que impactan la calidad de vida de cada persona, nace esta compa\u00f1\u00eda como una soluci\u00f3n, dentro del marco de una oferta de servicios profesionales de alto impacto y a un precio que cualquier persona podr\u00eda pagar, gracias a la optimizaci\u00f3n del tiempo de cada profesional y a su productividad con miner\u00eda de datos, comunicaci\u00f3n v\u00eda telef\u00f3nica, chat, video chat, por APP y claramente con tecnolog\u00eda de la mano.<\/p>\n<p style=\"font-weight: 400; text-align: justify;\">Con el paso de los a\u00f1os AG GROUP entendi\u00f3 que adem\u00e1s de realizar una labor social realmente importante, tambi\u00e9n generaba en cada CLIENTE que recib\u00eda sus servicios un SENTIMIENTO DE GRATITUD MUY VALIOSO, pues cuando una mam\u00e1 recibe acompa\u00f1amiento de los psic\u00f3logos de AG GROUP y con este apoyo logra superar la situaci\u00f3n de bullying que viv\u00eda su hijo, o cuando gracias a un Derecho de Petici\u00f3n muy bien estructurado por los abogados de la Organizaci\u00f3n, un cliente puede por fin obtener su pensi\u00f3n, esto deja de tener un precio y cobra un valor intangible que llega al coraz\u00f3n de ese cliente, quien decide permanecer con la Empresa que le brind\u00f3 esa gran ayuda y nunca se va.<\/p>\n<p style=\"font-weight: 400; text-align: justify;\">De esta manera AG GROUP evoluciona, se convierte en una \u201cMULTINACIONAL DE SERVICIOS DE LEALTAD, PERMANENCIA Y BIENESTAR\u201d y empieza a ser contratada por grandes compa\u00f1\u00edas que quieren hacer imborrable su marca y servicio en cada cliente final, revolucionando el concepto de FIDELIZACI\u00d3N TRADICIONAL que se lograba a trav\u00e9s de ofertas materiales a convertir a los clientes finales en SEGUIDORES, en FANES de estas compa\u00f1\u00edas, gracias a brindar experiencias y momentos inolvidables, que permanecen en su recuerdo.<\/p>\n<p style=\"font-weight: 400; text-align: justify;\">Empezamos en Colombia nuestra primera operaci\u00f3n y con este concepto revolucionario logramos conquistar r\u00e1pidamente otros pa\u00edses; actualmente tenemos presencia en Latinoam\u00e9rica (Colombia, Per\u00fa, Argentina, Chile, Panam\u00e1, Guantemala, Salvador, Costa Rica, Nicaragua, M\u00e9xico) e iniciamos operaci\u00f3n en Espa\u00f1a en 2020.<\/p>\n<p style=\"font-weight: 400; text-align: justify;\">Hoy tenemos claro que el\u00a0<b><strong>PROP\u00d3SITO\u00a0<\/strong><\/b>de esta Organizaci\u00f3n es\u00a0<b><strong>SERVIR<\/strong><\/b>\u00a0y brindar\u00a0<b><strong>soluciones que mejoran la\u00a0<u>calidad de vida<\/u><\/strong><\/b>, a trav\u00e9s de\u00a0<b><strong><u>Servicios Profesionales de Alto<\/u><\/strong><\/b><u>\u00a0<b><strong>Valor<\/strong><\/b><\/u>, que llegan al\u00a0<b><strong><u>coraz\u00f3n del afiliado<\/u><\/strong><\/b>\u00a0de nuestro cliente y de su\u00a0<b><strong><u>familia<\/u><\/strong><\/b>, generando en ellos un sentimiento genuino de\u00a0<b><strong><u>GRATITUD<\/u><\/strong><\/b>\u00a0y en consecuencia\u00a0<b><strong><u>LEALTAD, FIDELIDAD y PERMANENCIA!<\/u><\/strong><\/b><\/p>\n<\/div><\/section>\n\n\n\n<section class=\"wp-block-uagb-section uagb-section__wrap uagb-section__background-undefined uagb-block-621f78a2\"><div class=\"uagb-section__overlay\"><\/div><div class=\"uagb-section__inner-wrap\"><style>.kb-gallery-type-fluidcarousel.kb-gallery-id-_40d9a3-62 .kt-blocks-carousel .kt-blocks-carousel-init .kb-slide-item{padding:4px 5px;}.kb-gallery-type-fluidcarousel.kb-gallery-id-_40d9a3-62 .kt-blocks-carousel .kt-blocks-carousel-init.kb-carousel-mode-align-left .kb-slide-item{padding:4px 10px 4px 0;}.kb-gallery-id-_40d9a3-62.kb-gallery-ul.kb-gallery-type-fluidcarousel .kt-blocks-carousel figure .kb-gal-image-radius, .kb-gallery-id-_40d9a3-62.kb-gallery-ul.kb-gallery-type-fluidcarousel .kt-blocks-carousel figure .kb-gal-image-radius img{height:300px;}.kb-gallery-id-_40d9a3-62 .kadence-blocks-gallery-item .kb-gal-image-radius{border-radius:0px 0px 0px 0px;}<\/style>\n<div class=\"wp-block-kadence-advancedgallery kb-gallery-wrap-id-_40d9a3-62\"><div class=\"kb-gallery-ul kb-gallery-type-fluidcarousel kb-gallery-id-_40d9a3-62 kb-gallery-caption-style-bottom-hover kb-gallery-filter-none\" data-image-filter=\"none\" data-lightbox-caption=\"true\"><div class=\"kt-blocks-carousel kt-carousel-container-dotstyle-dark\"><div class=\"kt-blocks-carousel-init kb-blocks-fluid-carousel kt-carousel-arrowstyle-whiteondark kt-carousel-dotstyle-dark\" data-slider-anim-speed=\"400\" data-slider-type=\"fluidcarousel\" data-slider-scroll=\"1\" data-slider-arrows=\"true\" data-slider-dots=\"true\" data-slider-hover-pause=\"false\" data-slider-auto=\"true\" data-slider-speed=\"3000\"><div class=\"kb-slide-item kb-gallery-carousel-item\"><div class=\"kadence-blocks-gallery-item\"><div class=\"kadence-blocks-gallery-item-inner\"><figure class=\"kb-gallery-figure kadence-blocks-gallery-item-hide-caption\"><div class=\"kb-gal-image-radius\"><div class=\"kb-gallery-image-contain\"><img decoding=\"async\" loading=\"lazy\" width=\"1280\" height=\"960\" src=\"https:\/\/www.aggroup.la\/portal\/wp-content\/uploads\/BIP-2.jpg\" alt=\"\" data-full-image=\"https:\/\/www.aggroup.la\/portal\/wp-content\/uploads\/BIP-2.jpg\" data-light-image=\"https:\/\/www.aggroup.la\/portal\/wp-content\/uploads\/BIP-2.jpg\" data-id=\"497\" data-link=\"https:\/\/www.aggroup.la\/portal\/nuestra-historia-y-proposito\/bip-2\/\" class=\"wp-image-497 skip-lazy\" srcset=\"https:\/\/www.aggroup.la\/portal\/wp-content\/uploads\/BIP-2.jpg 1280w, https:\/\/www.aggroup.la\/portal\/wp-content\/uploads\/BIP-2-768x576.jpg 768w\" sizes=\"(max-width: 1280px) 100vw, 1280px\" \/><\/div><\/div><\/figure><\/div><\/div><\/div><div class=\"kb-slide-item kb-gallery-carousel-item\"><div class=\"kadence-blocks-gallery-item\"><div class=\"kadence-blocks-gallery-item-inner\"><figure class=\"kb-gallery-figure kadence-blocks-gallery-item-hide-caption\"><div class=\"kb-gal-image-radius\"><div class=\"kb-gallery-image-contain\"><img decoding=\"async\" loading=\"lazy\" src=\"https:\/\/www.aggroup.la\/portal\/wp-content\/uploads\/BIP-3-1400x1050.jpg\" width=\"1400\" height=\"1050\" alt=\"\" data-full-image=\"https:\/\/www.aggroup.la\/portal\/wp-content\/uploads\/BIP-3-scaled.jpg\" data-light-image=\"https:\/\/www.aggroup.la\/portal\/wp-content\/uploads\/BIP-3-scaled.jpg\" data-id=\"498\" data-link=\"https:\/\/www.aggroup.la\/portal\/nuestra-historia-y-proposito\/smart\/\" class=\"wp-image-498 skip-lazy\" srcset=\"https:\/\/www.aggroup.la\/portal\/wp-content\/uploads\/BIP-3-1400x1050.jpg 1400w, https:\/\/www.aggroup.la\/portal\/wp-content\/uploads\/BIP-3-768x576.jpg 768w, https:\/\/www.aggroup.la\/portal\/wp-content\/uploads\/BIP-3-1536x1152.jpg 1536w, https:\/\/www.aggroup.la\/portal\/wp-content\/uploads\/BIP-3-2048x1536.jpg 2048w\" sizes=\"(max-width: 1400px) 100vw, 1400px\" \/><\/div><div class=\"kadence-blocks-gallery-item__caption\">smart<\/div><\/div><\/figure><\/div><\/div><\/div><div class=\"kb-slide-item kb-gallery-carousel-item\"><div class=\"kadence-blocks-gallery-item\"><div class=\"kadence-blocks-gallery-item-inner\"><figure class=\"kb-gallery-figure kadence-blocks-gallery-item-hide-caption\"><div class=\"kb-gal-image-radius\"><div class=\"kb-gallery-image-contain\"><img decoding=\"async\" loading=\"lazy\" width=\"1280\" height=\"960\" src=\"https:\/\/www.aggroup.la\/portal\/wp-content\/uploads\/BIP-4.jpg\" alt=\"\" data-full-image=\"https:\/\/www.aggroup.la\/portal\/wp-content\/uploads\/BIP-4.jpg\" data-light-image=\"https:\/\/www.aggroup.la\/portal\/wp-content\/uploads\/BIP-4.jpg\" data-id=\"499\" data-link=\"https:\/\/www.aggroup.la\/portal\/nuestra-historia-y-proposito\/bip-4\/\" class=\"wp-image-499 skip-lazy\" srcset=\"https:\/\/www.aggroup.la\/portal\/wp-content\/uploads\/BIP-4.jpg 1280w, https:\/\/www.aggroup.la\/portal\/wp-content\/uploads\/BIP-4-768x576.jpg 768w\" sizes=\"(max-width: 1280px) 100vw, 1280px\" \/><\/div><\/div><\/figure><\/div><\/div><\/div><\/div><\/div><\/div><\/div>\n<\/div><\/section>\n<\/div><\/section>\n","protected":false},"excerpt":{"rendered":"","protected":false},"author":1,"featured_media":0,"parent":0,"menu_order":0,"comment_status":"closed","ping_status":"closed","template":"","meta":{"_uag_custom_page_level_css":""},"uagb_featured_image_src":{"full":false,"thumbnail":false,"medium":false,"medium_large":false,"large":false,"1536x1536":false,"2048x2048":false},"uagb_author_info":{"display_name":"agasistencias_web","author_link":"https:\/\/www.aggroup.la\/portal\/author\/agasistencias_web\/"},"uagb_comment_info":0,"uagb_excerpt":null,"_links":{"self":[{"href":"https:\/\/www.aggroup.la\/portal\/wp-json\/wp\/v2\/pages\/485"}],"collection":[{"href":"https:\/\/www.aggroup.la\/portal\/wp-json\/wp\/v2\/pages"}],"about":[{"href":"https:\/\/www.aggroup.la\/portal\/wp-json\/wp\/v2\/types\/page"}],"author":[{"embeddable":true,"href":"https:\/\/www.aggroup.la\/portal\/wp-json\/wp\/v2\/users\/1"}],"replies":[{"embeddable":true,"href":"https:\/\/www.aggroup.la\/portal\/wp-json\/wp\/v2\/comments?post=485"}],"version-history":[{"count":17,"href":"https:\/\/www.aggroup.la\/portal\/wp-json\/wp\/v2\/pages\/485\/revisions"}],"predecessor-version":[{"id":525,"href":"https:\/\/www.aggroup.la\/portal\/wp-json\/wp\/v2\/pages\/485\/revisions\/525"}],"wp:attachment":[{"href":"https:\/\/www.aggroup.la\/portal\/wp-json\/wp\/v2\/media?parent=485"}],"curies":[{"name":"wp","href":"https:\/\/api.w.org\/{rel}","templated":true}]}}