{"id":793,"date":"2024-07-24T16:49:25","date_gmt":"2024-07-24T21:49:25","guid":{"rendered":"https:\/\/www.aggroup.la\/portal\/?page_id=793"},"modified":"2024-07-24T17:15:35","modified_gmt":"2024-07-24T22:15:35","slug":"ag-asistencias-ips","status":"publish","type":"page","link":"https:\/\/www.aggroup.la\/portal\/ag-asistencias-ips\/","title":{"rendered":"AG Asistencias IPS"},"content":{"rendered":"\n<p><strong>HORARIOS DE ATENCI\u00d3N, D\u00cdAS DE ATENCI\u00d3N AL P\u00daBLICO Y LOCALIZACI\u00d3N F\u00cdSICA<\/strong><\/p>\n<p>Lunes a viernes de 8:00\u202fam a 6:00 pm s\u00e1bados de 9:00 am a 12.00 del d\u00eda<\/p>\n<p>Av cra 45 N 93-39 Bogot\u00e1, Colombia.<br \/><br \/><\/p>\n<p>Procedimiento general de la atenci\u00f3n:<\/p>\n<p>Para ofrecer el servicio de orientaci\u00f3n en Psicolog\u00eda o asesor\u00eda en nutrici\u00f3n, el consultante puede solicitar el servicio a trav\u00e9s de dos rutas de atenci\u00f3n:<\/p>\n<ul>\n<li>Puede dirigirse a las oficinas ubicadas en la Av cra 45 N 93-39. barrio la castellana Bogot\u00e1 Colombia.<\/li>\n<li>Puede comunicarse al tel\u00e9fono 4864906. Se le asignar\u00e1 la cita teniendo en cuenta los horarios y el personal disponible.<\/li>\n<\/ul>\n<p>En este proceso se dar\u00e1n todas las instrucciones precisas correspondientes al psic\u00f3logo o nutricionista asignado, se le brinda informaci\u00f3n del nombre del profesional que le va a tender, fecha y hora de la cita. \u00a0Si en el momento no hay un espacio para asignar la cita, entonces la persona interesada deber\u00e1 comunicarse m\u00e1s adelante para la asignaci\u00f3n. En caso contrario, se llamar\u00e1 al tel\u00e9fono que deje el consultante. Cumplimiento de las citas Debe tenerse en cuenta la puntual<\/p>\n<p>\u00a0En el caso de no poder asistir, puede comunicarse al tel\u00e9fono 4864906 en Bogot\u00e1 para cancelar la cita. Esto debe hacerlo con m\u00ednimo de tres horas de anticipaci\u00f3n. En caso de no cancelar oportunamente una cita, se le informar\u00e1 al consultante que una pr\u00f3xima inasistencia injustificada derivar\u00e1 en la suspensi\u00f3n del servicio durante un trimestre calendario. Por otro lado, si la cancelaci\u00f3n de la consulta se deriva de dificultades del profesional, \u00e9ste deber\u00e1 llamar a cancelar con anticipaci\u00f3n la cita asignada y dar la opci\u00f3n para esa misma hora con otro profesional o presentarle la agenda m\u00e1s pr\u00f3xima disponible.<\/p>\n<p><strong><u>\u00a0<\/u><\/strong><\/p>\n\n\n\n<div class=\"is-layout-flex wp-container-4 wp-block-columns\">\n<div class=\"is-layout-flow wp-block-column\">\n<h5><a href=\"https:\/\/www.aggroup.la\/portal\/wp-content\/uploads\/FUNCIONES-Y-DEBERES-DEL-USUARIO-CON-NORMA-DE-CREACION.pdf\">Funciones y deberes del usuario<\/a><\/h5>\n<\/div>\n\n\n\n<div class=\"is-layout-flow wp-block-column\">\n<h5><a href=\"https:\/\/www.aggroup.la\/portal\/wp-content\/uploads\/MANUAL-DE-PROVEEDORES-AG-ASISTENCIAS-IPS-CONVOCATORIA-DE-EMPLEO.pdf\">Manual de proveedores<\/a><\/h5>\n<\/div>\n\n\n\n<div class=\"is-layout-flow wp-block-column\">\n<h5><a href=\"https:\/\/www.aggroup.la\/portal\/wp-content\/uploads\/MANUAL-DE-CONTRATACION-Y-COMPRAS-AG-ASISTENCIAS-IPS.pdf\">Manual de contrataci\u00f3n y compras<\/a><\/h5>\n<\/div>\n<\/div>\n\n\n\n<div class=\"is-layout-flex wp-container-8 wp-block-columns\">\n<div class=\"is-layout-flow wp-block-column\">\n<h5><a href=\"https:\/\/www.aggroup.la\/portal\/wp-content\/uploads\/PLAN-ANTI-TRAMITES-IPS.pdf\">Plan anti-tr\u00e1mites<\/a><\/h5>\n<\/div>\n\n\n\n<div class=\"is-layout-flow wp-block-column\">\n<h5><a href=\"https:\/\/www.aggroup.la\/portal\/wp-content\/uploads\/PLAN-ANTICORRUPCION-IPS.pdf\">Plan anticorrupci\u00f3n<\/a><\/h5>\n<\/div>\n\n\n\n<div class=\"is-layout-flow wp-block-column\">\n<h5><a href=\"https:\/\/www.aggroup.la\/portal\/wp-content\/uploads\/POLITICA-DE-TRATAMIENTO-DE-DATOS-IPS.pdf\">Pol\u00edtica tratamiento de datos<\/a><\/h5>\n<\/div>\n<\/div>\n\n\n\n<div class=\"is-layout-flex wp-container-12 wp-block-columns\">\n<div class=\"is-layout-flow wp-block-column\">\n<h5><a href=\"https:\/\/www.aggroup.la\/portal\/wp-content\/uploads\/POLITICAS-DE-CUMPLIMIENTO-AG-ASISTENCIAS-IPS-SAS.pdf\">Pol\u00edtica de cumplimiento<\/a><\/h5>\n<\/div>\n\n\n\n<div class=\"is-layout-flow wp-block-column\">\n<h5><a href=\"https:\/\/www.aggroup.la\/portal\/wp-content\/uploads\/MECANISMOS-INTERNOS-Y-EXTERNOS-DE-SUPERVISIaN-NOTIFICACIaN-Y-VIGILANCIA-DEL-SUJETO-OBLIGADO-AG-ASISTENCIAS-IPS-SAS.pdf\">Mecanismos de supervisi\u00f3n<\/a><\/h5>\n<\/div>\n\n\n\n<div class=\"is-layout-flow wp-block-column\">\n<h5><a href=\"https:\/\/www.aggroup.la\/portal\/wp-content\/uploads\/CALENDARIO-DE-ACTIVIDADES-MISIONALES-AG-ASISTENCIAS-IPS-SAS.pdf\">Actividades misionales<\/a><\/h5>\n<\/div>\n<\/div>\n\n\n\n<div class=\"is-layout-flex wp-container-16 wp-block-columns\">\n<div class=\"is-layout-flow wp-block-column\">\n<h5><a href=\"https:\/\/www.aggroup.la\/portal\/wp-content\/uploads\/Respuesta-para-la-IPS-Nutricion.pdf\">Preguntas frecuentes nutrici\u00f3n<\/a><\/h5>\n<\/div>\n\n\n\n<div class=\"is-layout-flow wp-block-column\">\n<h5><a href=\"https:\/\/www.aggroup.la\/portal\/wp-content\/uploads\/INFORME-PSICOLOGIA.pdf\">Preguntas frecuentes psicolog\u00eda<\/a><\/h5>\n<\/div>\n\n\n\n<div class=\"is-layout-flow wp-block-column\">\n<h5><\/h5>\n<\/div>\n<\/div>\n\n\n\n<h1>Metas\u00a0<\/h1>\n<p class=\"s10\"><span class=\"s9\">Las metas objeto seg\u00fan el plan operativo y otros planes son 4, detalladas a continuaci\u00f3n<\/span><\/p>\n<ul>\n<li class=\"s10\"><span class=\"s12\">Mejorar la salud mental<\/span><span class=\"s12\"> de los usuarios y los empleados objeto de nuestros principales clientes<\/span><span class=\"s12\">.<\/span><\/li>\n<li class=\"s10\"><span class=\"s12\">Mejorar la situaci\u00f3n nutricional<\/span><span class=\"s12\">, de la sociedad, impactando a los usuarios afiliados y los empleados de nuestros clientes, con el fin de ser un apoyo integral en el desarrollo de ellos y as\u00ed, fomentar una alta productividad.<\/span><\/li>\n<li class=\"s10\"><span class=\"s12\">Mejorar la seguridad en el trabajo y disminuir las enfermedades de origen laboral.<\/span><\/li>\n<li class=\"s10\"><span class=\"s12\">Fortalecer la gesti\u00f3n para el desarrollo operativo y funcional del Plan Nacional de Salud P\u00fablica.<\/span><\/li>\n<\/ul>\n","protected":false},"excerpt":{"rendered":"<p>HORARIOS DE ATENCI\u00d3N, D\u00cdAS DE ATENCI\u00d3N AL P\u00daBLICO Y LOCALIZACI\u00d3N F\u00cdSICA Lunes a viernes de 8:00\u202fam a 6:00 pm s\u00e1bados de 9:00 am a 12.00 del d\u00eda Av cra 45 N 93-39 Bogot\u00e1, Colombia. Procedimiento general de la atenci\u00f3n: Para ofrecer el servicio de orientaci\u00f3n en Psicolog\u00eda o asesor\u00eda en nutrici\u00f3n, el consultante puede solicitar [&hellip;]<\/p>\n","protected":false},"author":1,"featured_media":0,"parent":0,"menu_order":0,"comment_status":"closed","ping_status":"closed","template":"","meta":{"_uag_custom_page_level_css":""},"uagb_featured_image_src":{"full":false,"thumbnail":false,"medium":false,"medium_large":false,"large":false,"1536x1536":false,"2048x2048":false},"uagb_author_info":{"display_name":"agasistencias_web","author_link":"https:\/\/www.aggroup.la\/portal\/author\/agasistencias_web\/"},"uagb_comment_info":0,"uagb_excerpt":"HORARIOS DE ATENCI\u00d3N, D\u00cdAS DE ATENCI\u00d3N AL P\u00daBLICO Y LOCALIZACI\u00d3N F\u00cdSICA Lunes a viernes de 8:00\u202fam a 6:00 pm s\u00e1bados de 9:00 am a 12.00 del d\u00eda Av cra 45 N 93-39 Bogot\u00e1, Colombia. Procedimiento general de la atenci\u00f3n: Para ofrecer el servicio de orientaci\u00f3n en Psicolog\u00eda o asesor\u00eda en nutrici\u00f3n, el consultante puede solicitar&hellip;","_links":{"self":[{"href":"https:\/\/www.aggroup.la\/portal\/wp-json\/wp\/v2\/pages\/793"}],"collection":[{"href":"https:\/\/www.aggroup.la\/portal\/wp-json\/wp\/v2\/pages"}],"about":[{"href":"https:\/\/www.aggroup.la\/portal\/wp-json\/wp\/v2\/types\/page"}],"author":[{"embeddable":true,"href":"https:\/\/www.aggroup.la\/portal\/wp-json\/wp\/v2\/users\/1"}],"replies":[{"embeddable":true,"href":"https:\/\/www.aggroup.la\/portal\/wp-json\/wp\/v2\/comments?post=793"}],"version-history":[{"count":5,"href":"https:\/\/www.aggroup.la\/portal\/wp-json\/wp\/v2\/pages\/793\/revisions"}],"predecessor-version":[{"id":813,"href":"https:\/\/www.aggroup.la\/portal\/wp-json\/wp\/v2\/pages\/793\/revisions\/813"}],"wp:attachment":[{"href":"https:\/\/www.aggroup.la\/portal\/wp-json\/wp\/v2\/media?parent=793"}],"curies":[{"name":"wp","href":"https:\/\/api.w.org\/{rel}","templated":true}]}}